{"id":35,"date":"2025-04-13T11:15:00","date_gmt":"2025-04-13T08:15:00","guid":{"rendered":"https:\/\/livevipslot.casino\/?page_id=35"},"modified":"2025-04-19T18:38:39","modified_gmt":"2025-04-19T15:38:39","slug":"misyonumuz","status":"publish","type":"page","link":"https:\/\/livevipslot.casino\/index.php\/misyonumuz\/","title":{"rendered":"Misyonumuz"},"content":{"rendered":"\n<p><strong><a href=\"https:\/\/livevipslot.casino\/\">Livevipslot<\/a><\/strong> olarak misyonumuz, her oyuncuya g\u00fcvenli, e\u011flenceli ve kazan\u00e7 dolu bir casino deneyimi sunmakt\u0131r. K\u0131br\u0131s\u2019\u0131n en se\u00e7kin casino otelleri ve pop\u00fcler slot oyunlar\u0131yla kaliteli hizmeti tek bir platformda sunuyoruz. Bu sayede, sadece oyun sunmakla kalm\u0131yor, oyuncular\u0131m\u0131za unutulmaz bir deneyim ya\u015fat\u0131yoruz.<\/p>\n\n\n\n<p>Kullan\u0131c\u0131 dostu aray\u00fcz\u00fcm\u00fcz, y\u00fcksek kazan\u00e7 oranlar\u0131m\u0131z ve h\u0131zl\u0131 \u00f6deme sistemlerimiz ile her oyuncunun beklentilerini kar\u015f\u0131l\u0131yoruz. Ayr\u0131ca, kesintisiz destek hizmetlerimizle de her ad\u0131mda oyun keyfini art\u0131ran bir platform sunuyoruz. <strong>Livevipslot<\/strong> olarak, oyuncular\u0131m\u0131za sadece oyun oynaman\u0131n \u00f6tesine ge\u00e7en, yeni nesil bir casino deneyimi sa\u011fl\u0131yoruz.<\/p>\n\n\n\n<p>M\u00fc\u015fteri memnuniyetini her zaman \u00f6n planda tutuyoruz. Bu sebeple, Livevipslot yaln\u0131zca bir oyun platformu olman\u0131n \u00f6tesine ge\u00e7er. Oyuncular\u0131m\u0131za de\u011ferli bilgiler, cazip bonuslar ve VIP ayr\u0131cal\u0131klar\u0131 sunarak deneyimlerini zenginle\u015ftiririz. Ayr\u0131ca, 7\/24 aktif olan canl\u0131 destek ekibimiz sorular\u0131 an\u0131nda yan\u0131tlar. G\u00fcvenli bir ortamda h\u0131zl\u0131 \u00e7\u00f6z\u00fcmler sunarak, oyuncular\u0131m\u0131za her zaman yard\u0131mc\u0131 oluruz.<\/p>\n\n\n\n<p>Her oyuncuyu \u00f6nemsiyoruz \u00e7\u00fcnk\u00fc onlar\u0131n memnuniyeti ve g\u00fcvenli\u011fi bizim i\u00e7in en \u00f6nemli \u00f6nceliktir. Bu nedenle, Livevipslot, her oyuncuya ki\u015fiye \u00f6zel \u00e7\u00f6z\u00fcmler sunarak, h\u0131zl\u0131 \u00e7ekim i\u015flemleri ve g\u00fcvenli altyap\u0131s\u0131yla fark yarat\u0131yor. G\u00fcvenli\u011fi ve gizlili\u011fi \u00f6n planda tutarak, kullan\u0131c\u0131lar\u0131m\u0131z\u0131n verilerini koruyor ve sorumlu oyun anlay\u0131\u015f\u0131m\u0131zla e\u011flenceli, g\u00fcvenli ve sorunsuz bir ortam sa\u011flamay\u0131 taahh\u00fct ediyoruz. Amac\u0131m\u0131z, oyuncular\u0131m\u0131z\u0131n keyifli bir deneyim ya\u015farken ayn\u0131 zamanda g\u00fcvenliklerinden endi\u015fe etmeden oyun oynamalar\u0131n\u0131 garanti etmektir.<\/p>\n\n\n\n<p>Teknolojiyle uyumlu bir \u015fekilde s\u00fcrekli olarak yeni oyun se\u00e7enekleri, \u00f6zel promosyonlar ve ki\u015fiye \u00f6zel hizmetler sunuyoruz. B\u00f6ylece, her oyuncumuzun ihtiya\u00e7lar\u0131n\u0131 kar\u015f\u0131l\u0131yor ve casino d\u00fcnyas\u0131nda istedikleri deneyimi bulmalar\u0131n\u0131 sa\u011fl\u0131yoruz. Hedefimiz, oyuncular\u0131m\u0131za g\u00fcvenilir, e\u011flenceli ve kazan\u00e7l\u0131 bir platform sunmak; <strong>Livevipslot<\/strong>\u2019u en iyi casino deneyimi i\u00e7in tercih edilen alan haline getirmektir.<\/p>\n\n\n\n<p>Sonu\u00e7 olarak, <strong>Livevipslot<\/strong> sadece bir casino de\u011fildir. Kazan\u00e7lar\u0131 art\u0131ran, g\u00fcvenli\u011fi sa\u011flayan ve kesintisiz e\u011flence sunan bir deneyim sunuyoruz.<\/p>\n\n\n\n<p>K\u0131br\u0131s\u2019ta casino deneyimini en iyi \u015fekilde ya\u015famak i\u00e7in&nbsp;<strong>KIBRIS ZOOM SLOT\u2019u takipte kal!<\/strong>&nbsp;<a href=\"https:\/\/www.kibriszoomslot.com\/\" target=\"_blank\" rel=\"noopener\">K\u0131br\u0131s Zoom Slot<\/a><\/p>\n","protected":false},"excerpt":{"rendered":"<p>Livevipslot olarak misyonumuz, her oyuncuya g\u00fcvenli, e\u011flenceli ve kazan\u00e7 dolu bir casino deneyimi sunmakt\u0131r. K\u0131br\u0131s\u2019\u0131n en se\u00e7kin casino otelleri ve [&hellip;]<\/p>\n","protected":false},"author":1,"featured_media":27,"parent":0,"menu_order":0,"comment_status":"closed","ping_status":"closed","template":"","meta":{"site-sidebar-layout":"default","site-content-layout":"","ast-site-content-layout":"","site-content-style":"default","site-sidebar-style":"default","ast-global-header-display":"","ast-banner-title-visibility":"","ast-main-header-display":"","ast-hfb-above-header-display":"","ast-hfb-below-header-display":"","ast-hfb-mobile-header-display":"","site-post-title":"","ast-breadcrumbs-content":"","ast-featured-img":"disabled","footer-sml-layout":"","theme-transparent-header-meta":"","adv-header-id-meta":"","stick-header-meta":"","header-above-stick-meta":"","header-main-stick-meta":"","header-below-stick-meta":"","astra-migrate-meta-layouts":"default","ast-page-background-enabled":"default","ast-page-background-meta":{"desktop":{"background-color":"var(--ast-global-color-5)","background-image":"","background-repeat":"repeat","background-position":"center center","background-size":"auto","background-attachment":"scroll","background-type":"","background-media":"","overlay-type":"","overlay-color":"","overlay-opacity":"","overlay-gradient":""},"tablet":{"background-color":"","background-image":"","background-repeat":"repeat","background-position":"center center","background-size":"auto","background-attachment":"scroll","background-type":"","background-media":"","overlay-type":"","overlay-color":"","overlay-opacity":"","overlay-gradient":""},"mobile":{"background-color":"","background-image":"","background-repeat":"repeat","background-position":"center center","background-size":"auto","background-attachment":"scroll","background-type":"","background-media":"","overlay-type":"","overlay-color":"","overlay-opacity":"","overlay-gradient":""}},"ast-content-background-meta":{"desktop":{"background-color":"var(--ast-global-color-4)","background-image":"","background-repeat":"repeat","background-position":"center center","background-size":"auto","background-attachment":"scroll","background-type":"","background-media":"","overlay-type":"","overlay-color":"","overlay-opacity":"","overlay-gradient":""},"tablet":{"background-color":"var(--ast-global-color-4)","background-image":"","background-repeat":"repeat","background-position":"center center","background-size":"auto","background-attachment":"scroll","background-type":"","background-media":"","overlay-type":"","overlay-color":"","overlay-opacity":"","overlay-gradient":""},"mobile":{"background-color":"var(--ast-global-color-4)","background-image":"","background-repeat":"repeat","background-position":"center center","background-size":"auto","background-attachment":"scroll","background-type":"","background-media":"","overlay-type":"","overlay-color":"","overlay-opacity":"","overlay-gradient":""}},"footnotes":""},"class_list":["post-35","page","type-page","status-publish","has-post-thumbnail","hentry"],"_links":{"self":[{"href":"https:\/\/livevipslot.casino\/index.php\/wp-json\/wp\/v2\/pages\/35","targetHints":{"allow":["GET"]}}],"collection":[{"href":"https:\/\/livevipslot.casino\/index.php\/wp-json\/wp\/v2\/pages"}],"about":[{"href":"https:\/\/livevipslot.casino\/index.php\/wp-json\/wp\/v2\/types\/page"}],"author":[{"embeddable":true,"href":"https:\/\/livevipslot.casino\/index.php\/wp-json\/wp\/v2\/users\/1"}],"replies":[{"embeddable":true,"href":"https:\/\/livevipslot.casino\/index.php\/wp-json\/wp\/v2\/comments?post=35"}],"version-history":[{"count":2,"href":"https:\/\/livevipslot.casino\/index.php\/wp-json\/wp\/v2\/pages\/35\/revisions"}],"predecessor-version":[{"id":48,"href":"https:\/\/livevipslot.casino\/index.php\/wp-json\/wp\/v2\/pages\/35\/revisions\/48"}],"wp:featuredmedia":[{"embeddable":true,"href":"https:\/\/livevipslot.casino\/index.php\/wp-json\/wp\/v2\/media\/27"}],"wp:attachment":[{"href":"https:\/\/livevipslot.casino\/index.php\/wp-json\/wp\/v2\/media?parent=35"}],"curies":[{"name":"wp","href":"https:\/\/api.w.org\/{rel}","templated":true}]}}