{"id":30,"date":"2025-04-13T11:14:06","date_gmt":"2025-04-13T08:14:06","guid":{"rendered":"https:\/\/livevipslot.casino\/?page_id=30"},"modified":"2025-04-19T18:37:28","modified_gmt":"2025-04-19T15:37:28","slug":"hakkimizda","status":"publish","type":"page","link":"https:\/\/livevipslot.casino\/index.php\/hakkimizda\/","title":{"rendered":"Hakk\u0131m\u0131zda"},"content":{"rendered":"\n<p><strong><a href=\"https:\/\/livevipslot.casino\/\">Livevipslot<\/a><\/strong>, casino d\u00fcnyas\u0131nda en y\u00fcksek e\u011flence ve kazan\u00e7 f\u0131rsatlar\u0131n\u0131 sunan bir platformdur. K\u0131br\u0131s\u2019\u0131n en se\u00e7kin casino otelleri ve pop\u00fcler oyun se\u00e7enekleriyle geni\u015f bir oyun yelpazesi sunar. Amac\u0131m\u0131z, kullan\u0131c\u0131lar\u0131m\u0131za sadece oyun oynamay\u0131 de\u011fil. Ayn\u0131 zamanda g\u00fcvenli, keyifli ve kazan\u00e7 dolu bir deneyim ya\u015fatmay\u0131 sa\u011flamakt\u0131r.<\/p>\n\n\n\n<p>Platformumuz, kullan\u0131c\u0131 dostu aray\u00fcz\u00fc, y\u00fcksek kazan\u00e7 oranlar\u0131, h\u0131zl\u0131 \u00f6deme sistemleri ve 7\/24 kesintisiz destek hizmetleri ile her ad\u0131mda oyuncular\u0131n\u0131n yan\u0131nda yer al\u0131r. Ayr\u0131ca, her oyuncunun ihtiyac\u0131na \u00f6zel VIP hizmetleri, cazip bonuslar ve ayr\u0131cal\u0131kl\u0131 f\u0131rsatlar sunuyoruz. B\u00f6ylece \u00fcyelerimizin oyun deneyimlerini daha da \u00f6zel hale getiririz.<\/p>\n\n\n\n<p><strong>Livevipslot<\/strong>, yaln\u0131zca e\u011flenceyi de\u011fil, g\u00fcvenli\u011fi de \u00f6n planda tutar ve sorumlu oyun anlay\u0131\u015f\u0131n\u0131 benimser. Canl\u0131 destek temsilcilerimiz her an yan\u0131n\u0131zda olup, sorular\u0131n\u0131z\u0131 h\u0131zl\u0131 ve etkili bir \u015fekilde yan\u0131tlar. B\u00f6ylece g\u00fcvenli bir oyun ortam\u0131 sa\u011flar ve oyuncular\u0131m\u0131za an\u0131nda destek sunar\u0131z. Ayr\u0131ca, h\u0131zl\u0131 \u00e7ekim se\u00e7enekleri ve g\u00fcvenli \u00f6deme sistemleriyle kazan\u00e7lar\u0131n\u0131 kolayca \u00e7ekme imkan\u0131 tan\u0131r\u0131z.<\/p>\n\n\n\n<p><strong>Livevipslot<\/strong> K\u0131br\u0131s casinolar\u0131 hakk\u0131nda detayl\u0131 bilgi sunuyor. En pop\u00fcler kumarhaneler, slot ve masa oyunlar\u0131 se\u00e7enekleri, profesyonel hizmetler ve VIP ayr\u0131cal\u0131klar\u0131yla oyuncular\u0131na e\u015fsiz bir deneyim sunar. Mobil uyumlu yap\u0131s\u0131 sayesinde her an ve her yerden casino d\u00fcnyas\u0131na ad\u0131m atabilirsiniz.<\/p>\n\n\n\n<p>Vizyonumuz, her zaman daha fazla e\u011flence, kazan\u00e7 ve kaliteli deneyim sunmakt\u0131r. <strong>Livevipslot<\/strong> olarak, oyun d\u00fcnyas\u0131nda lider kalmay\u0131 ve kullan\u0131c\u0131lar\u0131m\u0131z\u0131n beklentilerini a\u015fmay\u0131 hedefleriz. Bu do\u011frultuda, her ad\u0131mda daha fazla e\u011flence, heyecan ve kazan\u00e7 arayan oyuncular\u0131m\u0131za s\u00fcrekli geli\u015fen bir platform sunar\u0131z.<\/p>\n\n\n\n<p>Sadece bir oyun platformu de\u011fil, ayn\u0131 zamanda daha iyi bir casino deneyimi i\u00e7in buraday\u0131z. <strong>Livevipslot<\/strong> ile g\u00fcvenli, e\u011flenceli ve kazan\u00e7 dolu bir deneyim sizi bekliyor!<\/p>\n\n\n\n<p>K\u0131br\u0131s\u2019ta casino deneyimini en iyi \u015fekilde ya\u015famak i\u00e7in&nbsp;<strong>KIBRIS ZOOM SLOT\u2019u takipte kal!<\/strong>&nbsp;<a href=\"https:\/\/www.kibriszoomslot.com\/\" target=\"_blank\" rel=\"noopener\">K\u0131br\u0131s Zoom Slot<\/a><\/p>\n","protected":false},"excerpt":{"rendered":"<p>Livevipslot, casino d\u00fcnyas\u0131nda en y\u00fcksek e\u011flence ve kazan\u00e7 f\u0131rsatlar\u0131n\u0131 sunan bir platformdur. K\u0131br\u0131s\u2019\u0131n en se\u00e7kin casino otelleri ve pop\u00fcler oyun [&hellip;]<\/p>\n","protected":false},"author":1,"featured_media":27,"parent":0,"menu_order":0,"comment_status":"closed","ping_status":"closed","template":"","meta":{"site-sidebar-layout":"default","site-content-layout":"","ast-site-content-layout":"","site-content-style":"default","site-sidebar-style":"default","ast-global-header-display":"","ast-banner-title-visibility":"","ast-main-header-display":"","ast-hfb-above-header-display":"","ast-hfb-below-header-display":"","ast-hfb-mobile-header-display":"","site-post-title":"","ast-breadcrumbs-content":"","ast-featured-img":"disabled","footer-sml-layout":"","theme-transparent-header-meta":"","adv-header-id-meta":"","stick-header-meta":"","header-above-stick-meta":"","header-main-stick-meta":"","header-below-stick-meta":"","astra-migrate-meta-layouts":"default","ast-page-background-enabled":"default","ast-page-background-meta":{"desktop":{"background-color":"var(--ast-global-color-5)","background-image":"","background-repeat":"repeat","background-position":"center center","background-size":"auto","background-attachment":"scroll","background-type":"","background-media":"","overlay-type":"","overlay-color":"","overlay-opacity":"","overlay-gradient":""},"tablet":{"background-color":"","background-image":"","background-repeat":"repeat","background-position":"center center","background-size":"auto","background-attachment":"scroll","background-type":"","background-media":"","overlay-type":"","overlay-color":"","overlay-opacity":"","overlay-gradient":""},"mobile":{"background-color":"","background-image":"","background-repeat":"repeat","background-position":"center center","background-size":"auto","background-attachment":"scroll","background-type":"","background-media":"","overlay-type":"","overlay-color":"","overlay-opacity":"","overlay-gradient":""}},"ast-content-background-meta":{"desktop":{"background-color":"var(--ast-global-color-4)","background-image":"","background-repeat":"repeat","background-position":"center center","background-size":"auto","background-attachment":"scroll","background-type":"","background-media":"","overlay-type":"","overlay-color":"","overlay-opacity":"","overlay-gradient":""},"tablet":{"background-color":"var(--ast-global-color-4)","background-image":"","background-repeat":"repeat","background-position":"center center","background-size":"auto","background-attachment":"scroll","background-type":"","background-media":"","overlay-type":"","overlay-color":"","overlay-opacity":"","overlay-gradient":""},"mobile":{"background-color":"var(--ast-global-color-4)","background-image":"","background-repeat":"repeat","background-position":"center center","background-size":"auto","background-attachment":"scroll","background-type":"","background-media":"","overlay-type":"","overlay-color":"","overlay-opacity":"","overlay-gradient":""}},"footnotes":""},"class_list":["post-30","page","type-page","status-publish","has-post-thumbnail","hentry"],"_links":{"self":[{"href":"https:\/\/livevipslot.casino\/index.php\/wp-json\/wp\/v2\/pages\/30","targetHints":{"allow":["GET"]}}],"collection":[{"href":"https:\/\/livevipslot.casino\/index.php\/wp-json\/wp\/v2\/pages"}],"about":[{"href":"https:\/\/livevipslot.casino\/index.php\/wp-json\/wp\/v2\/types\/page"}],"author":[{"embeddable":true,"href":"https:\/\/livevipslot.casino\/index.php\/wp-json\/wp\/v2\/users\/1"}],"replies":[{"embeddable":true,"href":"https:\/\/livevipslot.casino\/index.php\/wp-json\/wp\/v2\/comments?post=30"}],"version-history":[{"count":2,"href":"https:\/\/livevipslot.casino\/index.php\/wp-json\/wp\/v2\/pages\/30\/revisions"}],"predecessor-version":[{"id":46,"href":"https:\/\/livevipslot.casino\/index.php\/wp-json\/wp\/v2\/pages\/30\/revisions\/46"}],"wp:featuredmedia":[{"embeddable":true,"href":"https:\/\/livevipslot.casino\/index.php\/wp-json\/wp\/v2\/media\/27"}],"wp:attachment":[{"href":"https:\/\/livevipslot.casino\/index.php\/wp-json\/wp\/v2\/media?parent=30"}],"curies":[{"name":"wp","href":"https:\/\/api.w.org\/{rel}","templated":true}]}}