{"id":25,"date":"2025-04-13T11:13:38","date_gmt":"2025-04-13T08:13:38","guid":{"rendered":"https:\/\/livevipslot.casino\/?page_id=25"},"modified":"2025-04-19T18:36:53","modified_gmt":"2025-04-19T15:36:53","slug":"ana-sayfa","status":"publish","type":"page","link":"https:\/\/livevipslot.casino\/","title":{"rendered":"Anasayfa"},"content":{"rendered":"\n<div class=\"wp-block-cover alignfull is-light wp-duotone-unset-1\" style=\"min-height:720px;aspect-ratio:unset;\"><span aria-hidden=\"true\" class=\"wp-block-cover__background has-background-dim-100 has-background-dim has-background-gradient\" style=\"background:linear-gradient(35deg,rgb(6,0,151) 0%,rgb(130,4,255) 73%,rgb(193,15,255) 100%)\"><\/span><div class=\"wp-block-cover__inner-container is-layout-flow wp-block-cover-is-layout-flow\">\n<div class=\"inherit-container-width wp-block-group alignwide is-layout-constrained wp-block-group-is-layout-constrained\">\n<div class=\"wp-block-media-text alignwide has-media-on-the-right is-stacked-on-mobile is-vertically-aligned-center\" style=\"grid-template-columns:auto 40%\"><div class=\"wp-block-media-text__content\">\n<h1 class=\"wp-block-heading has-text-align-left has-white-color has-text-color\" id=\"h-livevipslot-zoom-casino\"><a href=\"https:\/\/livevipslot.casino\/\">Livevipslot<\/a> Zoom Casino<\/h1>\n\n\n\n<p class=\"has-white-color has-text-color\">Livevipslot ile heyecan verici d\u00fcnyas\u0131na ad\u0131m at\u0131n! S\u00fcrekli yenilenen platformumuzda, 7\/24 kesintisiz destek ve y\u00fcksek kazan\u00e7 oranlar\u0131yla e\u011flenceye hemen kat\u0131l\u0131n. En pop\u00fcler slot oyunlar\u0131, h\u0131zl\u0131 \u00f6deme se\u00e7enekleri ve g\u00fcvenli altyap\u0131s\u0131yla fark yarat\u0131yor, sizi bekliyor!<\/p>\n\n\n\n<div class=\"wp-block-buttons is-layout-flex wp-block-buttons-is-layout-flex\">\n<div class=\"wp-block-button\"><a class=\"wp-block-button__link wp-element-button\" href=\"https:\/\/heylink.me\/k\u0131br\u0131szoom\/\" target=\"_blank\" rel=\"noopener\">ZOOM CAS\u0130NO&#8217;YA BA\u011eLAN<\/a><\/div>\n<\/div>\n<\/div><figure class=\"wp-block-media-text__media\"><img decoding=\"async\" src=\"https:\/\/livevipslot.vip\/wp-content\/uploads\/2025\/04\/imeria-giris-1-1024x1024.png\" alt=\"\" class=\"wp-image-28 size-full\"\/><\/figure><\/div>\n<\/div>\n<\/div><\/div>\n\n\n\n<div class=\"wp-block-group alignfull has-ast-global-color-5-background-color has-background is-layout-constrained wp-container-core-group-is-layout-9cedb757 wp-block-group-is-layout-constrained\" style=\"padding-bottom:0px\">\n<div class=\"wp-block-columns are-vertically-aligned-top is-layout-flex wp-container-core-columns-is-layout-00723822 wp-block-columns-is-layout-flex\">\n<div class=\"wp-block-column is-vertically-aligned-top is-layout-flow wp-container-core-column-is-layout-6b73ce23 wp-block-column-is-layout-flow\">\n<figure class=\"wp-block-image size-large\"><img decoding=\"async\" src=\"https:\/\/zoomcasinogiris.net\/wp-content\/themes\/astra\/inc\/assets\/images\/starter-content\/building.svg\" alt=\"\" class=\"wp-image-134\"\/><\/figure>\n\n\n\n<h3 class=\"wp-block-heading has-text-align-left\" id=\"h-vip\" style=\"margin-top:16px\">VIP<\/h3>\n\n\n\n<p class=\"has-text-align-left\">Livevipslot ile benzersiz d\u00fcnyas\u0131na hemen ad\u0131m at\u0131n! \u00d6zel promosyonlarla ba\u015flayarak, y\u00fcksek oranl\u0131 bonuslarla kazanc\u0131n\u0131z\u0131 katlars\u0131n\u0131z ve ki\u015fiye \u00f6zel hizmetlerle fark\u0131n\u0131z\u0131 g\u00f6sterirsiniz. VIP \u00fcyelerimiz, her zaman daha avantajl\u0131 ve \u00f6ncelikli olman\u0131n keyfini \u00e7\u0131kar\u0131rken, her ad\u0131mda bir ad\u0131m \u00f6nde olurlar! B\u00f6ylece, her an daha b\u00fcy\u00fck f\u0131rsatlar ve kazan\u00e7lar sizi bekler.<br><br><br><br><br><\/p>\n<\/div>\n\n\n\n<div class=\"wp-block-column is-vertically-aligned-top is-layout-flow wp-container-core-column-is-layout-6b73ce23 wp-block-column-is-layout-flow\">\n<figure class=\"wp-block-image size-large\"><img decoding=\"async\" src=\"https:\/\/zoomcasinogiris.net\/wp-content\/themes\/astra\/inc\/assets\/images\/starter-content\/shopping-bag.svg\" alt=\"\" class=\"wp-image-135\"\/><\/figure>\n\n\n\n<h3 class=\"wp-block-heading has-text-align-left\" id=\"h-online\" style=\"margin-top:16px\">ONL\u0130NE<\/h3>\n\n\n\n<p class=\"has-text-align-left\">Livevipslot ile 7 g\u00fcn 24 saat kesintisiz oyun keyfi sizleri bekliyor! Nerede olursan\u0131z olun, mobil ya da masa\u00fcst\u00fc fark etmeksizin, her an ba\u011flant\u0131da kal\u0131r ve oyuna kald\u0131\u011f\u0131n\u0131z yerden h\u0131zla devam edersiniz. B\u00f6ylece, e\u011flencenin temposunu asla ka\u00e7\u0131rmaz, her an\u0131n tad\u0131n\u0131 \u00e7\u0131karabilirsiniz!<br><br><br><br><br><\/p>\n<\/div>\n\n\n\n<div class=\"wp-block-column is-vertically-aligned-top is-layout-flow wp-container-core-column-is-layout-6b73ce23 wp-block-column-is-layout-flow\">\n<figure class=\"wp-block-image size-large\"><img decoding=\"async\" src=\"https:\/\/zoomcasinogiris.net\/wp-content\/themes\/astra\/inc\/assets\/images\/starter-content\/blog.svg\" alt=\"\" class=\"wp-image-136\"\/><\/figure>\n\n\n\n<h3 class=\"wp-block-heading has-text-align-left\" id=\"h-temsilci\" style=\"margin-top:16px\">TEMS\u0130LC\u0130<\/h3>\n\n\n\n<p class=\"has-text-align-left\">Livevipslot canl\u0131 destek ekibimiz her an yan\u0131n\u0131zda! Sorular\u0131n\u0131z\u0131 h\u0131zl\u0131ca yan\u0131tlayan ve ihtiya\u00e7lar\u0131n\u0131za an\u0131nda \u00e7\u00f6z\u00fcm \u00fcreten uzman ekibimizle her ad\u0131mda g\u00fcvenle ilerlersiniz. Ayn\u0131 zamanda t\u00fcm sorular\u0131n\u0131za an\u0131nda yan\u0131t al\u0131rs\u0131n\u0131z. B\u00f6ylece, anl\u0131k destek ve etkili \u00e7\u00f6z\u00fcmlerle oyun deneyiminizi kesintisiz s\u00fcrd\u00fcr\u00fcr ve %100 memnuniyet garantisiyle fark\u0131 hissedersiniz!<\/p>\n<\/div>\n\n\n\n<div class=\"wp-block-column is-vertically-aligned-top is-layout-flow wp-container-core-column-is-layout-6b73ce23 wp-block-column-is-layout-flow\">\n<figure class=\"wp-block-image size-large\"><img decoding=\"async\" src=\"https:\/\/zoomcasinogiris.net\/wp-content\/themes\/astra\/inc\/assets\/images\/starter-content\/portfolio.svg\" alt=\"\" class=\"wp-image-137\"\/><\/figure>\n\n\n\n<h3 class=\"wp-block-heading has-text-align-left\" id=\"h-bonus\" style=\"margin-top:16px\">BONUS<\/h3>\n\n\n\n<p class=\"has-text-align-left\">Livevipslot ile kazanc\u0131n\u0131z\u0131 katlay\u0131n! Ho\u015f geldin bonusuyla ba\u015flayarak, hemen ard\u0131ndan yat\u0131r\u0131m promosyonlar\u0131yla kazanc\u0131n\u0131z\u0131 h\u0131zla art\u0131rabilir ve s\u00fcrpriz \u00f6d\u00fcllerle dolu bonus d\u00fcnyas\u0131nda e\u011flencenin tad\u0131n\u0131 \u00e7\u0131karabilirsiniz. B\u00f6ylece, her ad\u0131mda daha fazla kazan\u00e7 ve f\u0131rsat sizleri bekler, her yeni oyunla birlikte kazanc\u0131n\u0131z daha da b\u00fcy\u00fcr!<\/p>\n<\/div>\n<\/div>\n<\/div>\n\n\n\n<div class=\"wp-block-group alignfull is-layout-constrained wp-container-core-group-is-layout-45b0ac4f wp-block-group-is-layout-constrained\" id=\"services\" style=\"padding-top:144px;padding-bottom:0px\">\n<h2 class=\"wp-block-heading\" id=\"h-canli-slot-oyunlari\">CANLI SLOT OYUNLARI<\/h2>\n\n\n\n<div class=\"wp-block-columns is-layout-flex wp-container-core-columns-is-layout-60cbf9bb wp-block-columns-is-layout-flex\" style=\"margin-top:50px\">\n<div class=\"wp-block-column is-layout-flow wp-container-core-column-is-layout-6b73ce23 wp-block-column-is-layout-flow\">\n<figure class=\"wp-block-image size-full is-resized\"><img decoding=\"async\" src=\"https:\/\/livevipslot.vip\/wp-content\/uploads\/2025\/04\/livevipslots-login.png\" alt=\"\" class=\"wp-image-30\" style=\"width:333px;height:auto\"\/><\/figure>\n\n\n\n<p>\ud83c\udfa7 <strong>Livevipslot Casino Destek<\/strong><\/p>\n\n\n\n<p>Livevipslot ile 7\/24 uzman deste\u011fi ile her an yan\u0131n\u0131zday\u0131z! Casino deneyiminiz boyunca, ne zaman yard\u0131ma ihtiya\u00e7 duyarsan\u0131z, deneyimli ekibimiz sorular\u0131n\u0131za h\u0131zl\u0131 ve etkili \u00e7\u00f6z\u00fcmler sunar. Her ad\u0131mda sizinle olan uzman deste\u011fimiz, oyun keyfinizi kesintisiz s\u00fcrd\u00fcrmeniz i\u00e7in her zaman burada, sorunlar\u0131n\u0131z\u0131 an\u0131nda \u00e7\u00f6zerek rahat\u0131n\u0131z\u0131 sa\u011flar.<\/p>\n<\/div>\n\n\n\n<div class=\"wp-block-column is-layout-flow wp-container-core-column-is-layout-6b73ce23 wp-block-column-is-layout-flow\">\n<figure class=\"wp-block-image aligncenter size-full is-resized\"><img decoding=\"async\" src=\"https:\/\/724liveslots.xyz\/wp-content\/uploads\/2025\/04\/makine.png\" alt=\"\" class=\"wp-image-23\" style=\"width:229px;height:auto\"\/><\/figure>\n\n\n\n<h3 class=\"wp-block-heading\" id=\"h-livevipslot-canli-oyun\" style=\"margin-top:16px\">\ud83c\udfb2 <strong>Livevipslot<\/strong> Canl\u0131 Oyun<\/h3>\n\n\n\n<p>Ger\u00e7ek krupiyelerle an\u0131nda heyecan\u0131 hissedin! Canl\u0131 yay\u0131nda her an oyunun tam ortas\u0131nda olun, ger\u00e7ek bir casinodaym\u0131\u015f gibi heyecan\u0131 ya\u015fay\u0131n ve kazanc\u0131n\u0131z\u0131 ger\u00e7ek zamanl\u0131 olarak art\u0131r\u0131n. Livevipslot ile nerede olursan\u0131z olun, her an e\u011flencenin ve aksiyonun tad\u0131n\u0131 \u00e7\u0131kar\u0131n!<br><\/p>\n<\/div>\n\n\n\n<div class=\"wp-block-column is-layout-flow wp-container-core-column-is-layout-6b73ce23 wp-block-column-is-layout-flow\">\n<figure class=\"wp-block-image size-full\"><img decoding=\"async\" src=\"https:\/\/livevipslot.vip\/wp-content\/uploads\/2025\/04\/mustika-list.jpg\" alt=\"\" class=\"wp-image-31\"\/><\/figure>\n\n\n\n<h3 class=\"wp-block-heading\" id=\"h-livevipslot-casino-avantaji\" style=\"margin-top:16px\">\ud83c\udfc6<a data-type=\"link\" data-id=\"https:\/\/iveriaslot.com\/\" href=\"https:\/\/livevipslots.com\/login\" target=\"_blank\" rel=\"noopener\"> <strong>Livevipslot<\/strong> <\/a>Casino Avantaj\u0131<\/h3>\n\n\n\n<p>Y\u00fcksek kazan\u00e7 oranlar\u0131, kazanma \u015fans\u0131n\u0131z\u0131 katlarken, \u00f6zel bonuslarla her an daha fazla \u00f6d\u00fcl kazanma f\u0131rsat\u0131 sunuyor. Ayr\u0131ca, s\u0131n\u0131rs\u0131z e\u011flence sizi bekliyor; her yeni oyunla birlikte daha fazla heyecan ve kazan\u00e7 sizleri bekliyor!<br><br><br><br><br><\/p>\n<\/div>\n<\/div>\n<\/div>\n\n\n\n<div class=\"wp-block-group alignfull has-ast-global-color-5-background-color has-background is-layout-constrained wp-container-core-group-is-layout-94d206d0 wp-block-group-is-layout-constrained\" id=\"about\" style=\"padding-top:143px;padding-bottom:144px\">\n<div class=\"wp-block-media-text alignfull has-media-on-the-right is-stacked-on-mobile is-vertically-aligned-center\" style=\"grid-template-columns:auto 21%\"><div class=\"wp-block-media-text__content\">\n<div class=\"inherit-container-width wp-block-group is-layout-constrained wp-container-core-group-is-layout-47ce07ec wp-block-group-is-layout-constrained\" style=\"padding-right:80px\">\n<h2 class=\"wp-block-heading alignfull\" id=\"h-kibris-in-en-iyi-casinolari-kibris-zoom-slot-ta\" style=\"padding-right:40px\">K\u0131br\u0131s\u2019\u0131n En \u0130yi Casinolar\u0131 K\u0131br\u0131s Zoom Slot&#8217;ta!<\/h2>\n\n\n\n<p><a href=\"https:\/\/heylink.me\/k\u0131br\u0131szoom\/\" target=\"_blank\" rel=\"noopener\">Zoom Casino<\/a>, K\u0131br\u0131s\u2019\u0131n en prestijli casino otellerini bir araya getiriyor. Ayr\u0131ca, masa oyunlar\u0131nda her seviyeye uygun se\u00e7enekler sunarak, en g\u00fcncel promosyonlarla kullan\u0131c\u0131lar\u0131na s\u00fcrekli yeni f\u0131rsatlar yarat\u0131yor. Bu yeni nesil casino rehberi, t\u00fcm bu avantajlar\u0131 tek bir platformda toplayarak heyecan\u0131 ve kazan\u00e7 f\u0131rsatlar\u0131n\u0131 her an yan\u0131n\u0131za getiriyor!<br>K\u0131br\u0131s casinolar\u0131 hakk\u0131nda arad\u0131\u011f\u0131n\u0131z her \u015fey burada:<\/p>\n\n\n\n<ul class=\"wp-block-list\">\n<li>\ud83d\udccd En pop\u00fcler kumarhaneler<\/li>\n\n\n\n<li>\ud83c\udfb0 Slot ve masa oyunlar\u0131 \u00e7e\u015fitlili\u011fi<\/li>\n\n\n\n<li>\ud83d\udcbc Profesyonel hizmet sunan casino otelleri<\/li>\n\n\n\n<li>\ud83d\udece\ufe0f VIP hizmet, transfer ve konaklama ayr\u0131nt\u0131lar\u0131<\/li>\n<\/ul>\n\n\n\n<p>\ud83d\udc49 Art\u0131k K\u0131br\u0131s casinolar\u0131na gitmeden \u00f6nce t\u00fcm bilgileri <a href=\"http:\/\/kibriszoomslot.com\/\" target=\"_blank\" rel=\"noopener\"><strong>K\u0131br\u0131s Zoom Slot<\/strong><\/a> \u00fczerinden kolayca \u00f6\u011frenebilirsin!<\/p>\n<\/div>\n<\/div><figure class=\"wp-block-media-text__media\"><img decoding=\"async\" src=\"https:\/\/724liveslots.xyz\/wp-content\/uploads\/2025\/04\/logo.png\" alt=\"\" class=\"wp-image-25 size-full\"\/><\/figure><\/div>\n<\/div>\n\n\n\n<div class=\"wp-block-group alignfull has-ast-global-color-4-background-color has-background is-layout-constrained wp-container-core-group-is-layout-6a2cfb7b wp-block-group-is-layout-constrained\" id=\"reviews\">\n<h2 class=\"wp-block-heading has-text-align-center\" id=\"h-zoom-casino-neden-farkli\" style=\"font-size:22px\"><strong>Zoom Casino Neden Farkl\u0131?<\/strong><\/h2>\n\n\n\n<p><strong>E\u015fsiz Bilgi Derinli\u011fi:<\/strong> Her casino i\u00e7in \u00f6zenle haz\u0131rlanm\u0131\u015f i\u00e7erikler, ger\u00e7ek kullan\u0131c\u0131 geri bildirimleri ve en g\u00fcncel bilgiler.<\/p>\n\n\n\n<p><strong>Mobil Uyum ve H\u0131z:<\/strong> Nerede olursan ol, telefonunla casinolar\u0131 ke\u015ffetme imkan\u0131.<\/p>\n\n\n\n<p><strong>An\u0131nda \u0130leti\u015fim:<\/strong> Oynamaya karar verdi\u011finde, tek bir t\u0131kla casino ile ileti\u015fime ge\u00e7.<\/p>\n\n\n\n<p><strong>Sorumlu Oyun Anlay\u0131\u015f\u0131:<\/strong> G\u00fcvenli ve etik oyun k\u00fclt\u00fcr\u00fcn\u00fc benimsiyoruz.<\/p>\n\n\n\n<p><\/p>\n\n\n\n<p class=\"has-text-align-center\"><a href=\"https:\/\/www.kibriszoomslot.com\/\" data-type=\"link\" data-id=\"https:\/\/www.kibriszoomslot.com\/\" target=\"_blank\" rel=\"noopener\">k\u0131br\u0131s zoom slot<\/a><\/p>\n<\/div>\n\n\n\n<div class=\"wp-block-group alignfull is-layout-constrained wp-container-core-group-is-layout-3fee123f wp-block-group-is-layout-constrained\" id=\"whyus\" style=\"padding-top:144px;padding-bottom:144px\">\n<h2 class=\"wp-block-heading\" id=\"h-neden-biz\">NEDEN B\u0130Z?<\/h2>\n\n\n\n<div class=\"wp-block-columns is-layout-flex wp-container-core-columns-is-layout-29aadeec wp-block-columns-is-layout-flex\" style=\"margin-top:60px\">\n<div class=\"wp-block-column is-layout-flow wp-container-core-column-is-layout-6b73ce23 wp-block-column-is-layout-flow\">\n<figure class=\"wp-block-image size-large\"><img decoding=\"async\" src=\"https:\/\/zoomcasinogiris.net\/wp-content\/themes\/astra\/inc\/assets\/images\/starter-content\/passionate.svg\" alt=\"\" class=\"wp-image-162\"\/><\/figure>\n\n\n\n<h3 class=\"wp-block-heading\" id=\"h-kayit\" style=\"margin-top:16px\">\u2705 Kay\u0131t<\/h3>\n\n\n\n<p>Hemen \u00fcye ol, f\u0131rsatlarla dolu oyun d\u00fcnyas\u0131na ad\u0131m at ve kazan\u00e7 \u015fans\u0131n\u0131 yakala! Kay\u0131t i\u015flemini h\u0131zla tamamlad\u0131ktan sonra, e\u011flenceye kat\u0131labilir ve heyecan\u0131n tad\u0131n\u0131 an\u0131nda \u00e7\u0131karabilirsin. Livevipslot ile her \u015fey parmaklar\u0131n\u0131n ucunda; bir t\u0131kla e\u011flencenin, kazanc\u0131n ve s\u00fcrpriz \u00f6d\u00fcllerin d\u00fcnyas\u0131na dalabilirsin!<br><br><br><br><br><\/p>\n<\/div>\n\n\n\n<div class=\"wp-block-column is-layout-flow wp-container-core-column-is-layout-6b73ce23 wp-block-column-is-layout-flow\">\n<figure class=\"wp-block-image size-large\"><img decoding=\"async\" src=\"https:\/\/zoomcasinogiris.net\/wp-content\/themes\/astra\/inc\/assets\/images\/starter-content\/professional.svg\" alt=\"\" class=\"wp-image-163\"\/><\/figure>\n\n\n\n<h3 class=\"wp-block-heading\" id=\"h-aninda-cekim\" style=\"margin-top:16px\">\ud83d\udcb8 An\u0131nda \u00c7ekim<\/h3>\n\n\n\n<p>An\u0131nda \u00c7ekim \u00f6zelli\u011fi sayesinde kazan\u00e7lar\u0131n\u0131z h\u0131zla ve kolayca hesab\u0131n\u0131za aktar\u0131l\u0131r. Bekleme s\u00fcresi olmadan, kazanc\u0131n\u0131za g\u00fcvenli bir \u015fekilde hemen ula\u015fabilir, diledi\u011finiz zaman rahatl\u0131kla \u00e7ekim yapabilirsiniz! B\u00f6ylece, her an kazanc\u0131n\u0131za an\u0131nda eri\u015febilir, i\u015flemlerinizde hi\u00e7bir aksakl\u0131k ya\u015famadan rahat\u00e7a hareket edebilirsiniz.<\/p>\n<\/div>\n\n\n\n<div class=\"wp-block-column is-layout-flow wp-container-core-column-is-layout-6b73ce23 wp-block-column-is-layout-flow\">\n<figure class=\"wp-block-image size-large\"><img decoding=\"async\" src=\"https:\/\/zoomcasinogiris.net\/wp-content\/themes\/astra\/inc\/assets\/images\/starter-content\/support.svg\" alt=\"\" class=\"wp-image-164\"\/><\/figure>\n\n\n\n<h3 class=\"wp-block-heading\" id=\"h-7-24-online-oyun\" style=\"margin-top:16px\">\ud83c\udfae 7\/24 Online Oyun<\/h3>\n\n\n\n<p>Kazanc\u0131n\u0131 erteleme! K\u0131br\u0131s Zoom Slot\u2019ta \u00e7ekim i\u015flemleri h\u0131zl\u0131, g\u00fcvenli ve kesintisiz olarak tamamlan\u0131r. Paran hemen hesab\u0131na aktar\u0131l\u0131r, b\u00f6ylece bekleme s\u00fcresi derdini tamamen unutursun! G\u00fcn\u00fcn her saati s\u0131n\u0131rs\u0131z e\u011flence seni bekliyor. \u00dcstelik K\u0131br\u0131s Zoom Slot\u2019ta 7\/24 online oyun keyfi seninle!<br><br><br><br><br><\/p>\n<\/div>\n<\/div>\n<\/div>\n\n\n\n<div class=\"wp-block-group alignfull has-background is-layout-constrained wp-container-core-group-is-layout-cfcca693 wp-block-group-is-layout-constrained\" id=\"contact\" style=\"background:linear-gradient(35deg,rgb(6,0,151) 0%,rgb(130,4,255) 64%,rgb(193,15,255) 98%);padding-top:104px;padding-bottom:104px\">\n<h2 class=\"wp-block-heading has-text-align-center has-text-color\" id=\"h-kibris-zoom-slot\" style=\"color:#ffffff\">KIBRIS ZOOM SLOT<\/h2>\n\n\n\n<h2 class=\"wp-block-heading has-text-align-center has-text-color\" id=\"h-hemen-basla-eglenceye-zoom-la-yaklas\" style=\"color:#ffffff\">\ud83d\udcde Hemen Ba\u015fla \u2013 E\u011flenceye Zoom\u2019la Yakla\u015f!<\/h2>\n\n\n\n<div class=\"wp-block-buttons alignwide is-horizontal is-content-justification-center is-layout-flex wp-container-core-buttons-is-layout-bba8380a wp-block-buttons-is-layout-flex\" style=\"margin-top:50px\">\n<div class=\"wp-block-button\"><a class=\"wp-block-button__link wp-element-button\" href=\"https:\/\/heylink.me\/k\u0131br\u0131szoom\/\" target=\"_blank\" rel=\"noopener\">ZOOM CAS\u0130NO&#8217;YA BA\u011eLAN<\/a><\/div>\n<\/div>\n<\/div>\n\n\n\n<div class=\"wp-block-group alignfull has-ast-global-color-4-background-color has-background is-layout-constrained wp-container-core-group-is-layout-6a2cfb7b wp-block-group-is-layout-constrained\" id=\"reviews\">\n<h2 class=\"wp-block-heading has-text-align-center\" id=\"h-sadece-oyun-degil-essiz-bir-deneyim-sunuyoruz\" style=\"font-size:22px\">\ud83e\udde0 Sadece Oyun De\u011fil, E\u015fsiz Bir Deneyim Sunuyoruz!<\/h2>\n\n\n\n<p>K\u0131br\u0131s Zoom Slot, sadece bir listeleme platformu olman\u0131n \u00f6tesine ge\u00e7er; kullan\u0131c\u0131lara se\u00e7im yapma \u00f6zg\u00fcrl\u00fc\u011f\u00fc ve do\u011fru kararlar\u0131 verme konusunda destek sunar. Kumarhane d\u00fcnyas\u0131na ad\u0131m atmak isteyenler i\u00e7in:<\/p>\n\n\n\n<p>\ud83c\udf93 Casino Rehber Makaleleri<\/p>\n\n\n\n<p>\ud83d\udcc5 G\u00fcnl\u00fck Etkinlik Takvimi<\/p>\n\n\n\n<p>\ud83d\udcac Canl\u0131 destek ile 7\/24 bilgi deste\u011fi<\/p>\n\n\n\n<p>\ud83c\udf81 Kampanyalar ve Bonus F\u0131rsatlar\u0131<\/p>\n\n\n\n<p>\ud83d\udce2 K\u0131br\u0131s\u2019ta casino deneyimini en y\u00fcksek seviyeye ta\u015f\u0131mak i\u00e7in KIBRIS ZOOM SLOT\u2019u takip etmeye devam edin!<\/p>\n\n\n\n<p class=\"has-text-align-center\"><strong><a href=\"https:\/\/www.kibriszoomslot.com\/\" data-type=\"link\" data-id=\"https:\/\/www.kibriszoomslot.com\/\" target=\"_blank\" rel=\"noopener\">KIBRIS ZOOM SLOT<\/a><\/strong><\/p>\n<\/div>\n","protected":false},"excerpt":{"rendered":"<p>VIP Livevipslot ile benzersiz d\u00fcnyas\u0131na hemen ad\u0131m at\u0131n! \u00d6zel promosyonlarla ba\u015flayarak, y\u00fcksek oranl\u0131 bonuslarla kazanc\u0131n\u0131z\u0131 katlars\u0131n\u0131z ve ki\u015fiye \u00f6zel hizmetlerle [&hellip;]<\/p>\n","protected":false},"author":1,"featured_media":27,"parent":0,"menu_order":0,"comment_status":"closed","ping_status":"closed","template":"","meta":{"site-sidebar-layout":"default","site-content-layout":"","ast-site-content-layout":"","site-content-style":"default","site-sidebar-style":"default","ast-global-header-display":"","ast-banner-title-visibility":"","ast-main-header-display":"","ast-hfb-above-header-display":"","ast-hfb-below-header-display":"","ast-hfb-mobile-header-display":"","site-post-title":"disabled","ast-breadcrumbs-content":"","ast-featured-img":"disabled","footer-sml-layout":"","theme-transparent-header-meta":"","adv-header-id-meta":"","stick-header-meta":"","header-above-stick-meta":"","header-main-stick-meta":"","header-below-stick-meta":"","astra-migrate-meta-layouts":"default","ast-page-background-enabled":"default","ast-page-background-meta":{"desktop":{"background-color":"var(--ast-global-color-5)","background-image":"","background-repeat":"repeat","background-position":"center center","background-size":"auto","background-attachment":"scroll","background-type":"","background-media":"","overlay-type":"","overlay-color":"","overlay-opacity":"","overlay-gradient":""},"tablet":{"background-color":"","background-image":"","background-repeat":"repeat","background-position":"center center","background-size":"auto","background-attachment":"scroll","background-type":"","background-media":"","overlay-type":"","overlay-color":"","overlay-opacity":"","overlay-gradient":""},"mobile":{"background-color":"","background-image":"","background-repeat":"repeat","background-position":"center center","background-size":"auto","background-attachment":"scroll","background-type":"","background-media":"","overlay-type":"","overlay-color":"","overlay-opacity":"","overlay-gradient":""}},"ast-content-background-meta":{"desktop":{"background-color":"var(--ast-global-color-4)","background-image":"","background-repeat":"repeat","background-position":"center center","background-size":"auto","background-attachment":"scroll","background-type":"","background-media":"","overlay-type":"","overlay-color":"","overlay-opacity":"","overlay-gradient":""},"tablet":{"background-color":"var(--ast-global-color-4)","background-image":"","background-repeat":"repeat","background-position":"center center","background-size":"auto","background-attachment":"scroll","background-type":"","background-media":"","overlay-type":"","overlay-color":"","overlay-opacity":"","overlay-gradient":""},"mobile":{"background-color":"var(--ast-global-color-4)","background-image":"","background-repeat":"repeat","background-position":"center center","background-size":"auto","background-attachment":"scroll","background-type":"","background-media":"","overlay-type":"","overlay-color":"","overlay-opacity":"","overlay-gradient":""}},"footnotes":""},"class_list":["post-25","page","type-page","status-publish","has-post-thumbnail","hentry"],"_links":{"self":[{"href":"https:\/\/livevipslot.casino\/index.php\/wp-json\/wp\/v2\/pages\/25","targetHints":{"allow":["GET"]}}],"collection":[{"href":"https:\/\/livevipslot.casino\/index.php\/wp-json\/wp\/v2\/pages"}],"about":[{"href":"https:\/\/livevipslot.casino\/index.php\/wp-json\/wp\/v2\/types\/page"}],"author":[{"embeddable":true,"href":"https:\/\/livevipslot.casino\/index.php\/wp-json\/wp\/v2\/users\/1"}],"replies":[{"embeddable":true,"href":"https:\/\/livevipslot.casino\/index.php\/wp-json\/wp\/v2\/comments?post=25"}],"version-history":[{"count":2,"href":"https:\/\/livevipslot.casino\/index.php\/wp-json\/wp\/v2\/pages\/25\/revisions"}],"predecessor-version":[{"id":45,"href":"https:\/\/livevipslot.casino\/index.php\/wp-json\/wp\/v2\/pages\/25\/revisions\/45"}],"wp:featuredmedia":[{"embeddable":true,"href":"https:\/\/livevipslot.casino\/index.php\/wp-json\/wp\/v2\/media\/27"}],"wp:attachment":[{"href":"https:\/\/livevipslot.casino\/index.php\/wp-json\/wp\/v2\/media?parent=25"}],"curies":[{"name":"wp","href":"https:\/\/api.w.org\/{rel}","templated":true}]}}